{"id":9560,"date":"2025-09-03T09:56:59","date_gmt":"2025-09-03T09:56:59","guid":{"rendered":"https:\/\/noasporting.com\/?page_id=9560"},"modified":"2025-11-04T10:29:32","modified_gmt":"2025-11-04T10:29:32","slug":"summer-camp-futbol","status":"publish","type":"page","link":"https:\/\/noasporting.com\/en\/summer-camp-futbol\/","title":{"rendered":"Summer camp futbol"},"content":{"rendered":"<div data-elementor-type=\"wp-page\" data-elementor-id=\"9560\" class=\"elementor elementor-9560\">\n\t\t\t\t<div class=\"elementor-element elementor-element-0896ff5 e-flex e-con-boxed e-con e-parent\" data-id=\"0896ff5\" data-element_type=\"container\" data-e-type=\"container\" data-settings=\"{&quot;background_background&quot;:&quot;classic&quot;}\">\n\t\t\t\t\t<div class=\"e-con-inner\">\n\t\t\t\t<div class=\"elementor-element elementor-element-127c0e1 elementor-widget elementor-widget-image\" data-id=\"127c0e1\" data-element_type=\"widget\" data-e-type=\"widget\" data-widget_type=\"image.default\">\n\t\t\t\t\t\t\t\t\t\t\t\t\t\t\t<img decoding=\"async\" src=\"https:\/\/noasporting.com\/wp-content\/uploads\/2025\/09\/sun.png\" title=\"sun\" alt=\"sun\" loading=\"lazy\" \/>\t\t\t\t\t\t\t\t\t\t\t\t\t\t\t<\/div>\n\t\t\t\t<div class=\"elementor-element elementor-element-d286741 elementor-widget elementor-widget-qi_addons_for_elementor_animated_text\" data-id=\"d286741\" data-element_type=\"widget\" data-e-type=\"widget\" data-widget_type=\"qi_addons_for_elementor_animated_text.default\">\n\t\t\t\t<div class=\"elementor-widget-container\">\n\t\t\t\t\t<div class=\"qodef-shortcode qodef-m qodef-qi-animated-text qodef--animated-by-letter qodef--alignment-center qodef-qi--has-appear qodef--appear-from-bottom\" >\n\t\t<h1 class=\"qodef-m-title\">\n\t\t<span class=\"qodef-e-word-holder\">SUMMER<\/span> <span class=\"qodef-e-word-holder\">CAMP<\/span>\t<\/h1>\n<\/div>\n\t\t\t\t<\/div>\n\t\t\t\t<\/div>\n\t\t\t\t<div class=\"elementor-element elementor-element-45fb8e1 elementor-widget elementor-widget-text-editor\" data-id=\"45fb8e1\" data-element_type=\"widget\" data-e-type=\"widget\" data-widget_type=\"text-editor.default\">\n\t\t\t\t\t\t\t\t\tOur football camps are designed for young players who want to improve their technique, tactics, and physical condition in a fun and educational environment. We combine intensive training with recreational activities, motivational talks, and living together with other boys and girls passionate about football. A complete, safe, and enriching experience.\t\t\t\t\t\t\t\t<\/div>\n\t\t\t\t<div class=\"elementor-element elementor-element-7504dd0 elementor-widget elementor-widget-trekon_core_highlight\" data-id=\"7504dd0\" data-element_type=\"widget\" data-e-type=\"widget\" data-widget_type=\"trekon_core_highlight.default\">\n\t\t\t\t<div class=\"elementor-widget-container\">\n\t\t\t\t\t<style>.elementor-element-7504dd0{display:none !important}<\/style>\t\t\t\t<\/div>\n\t\t\t\t<\/div>\n\t\t\t\t<div class=\"elementor-element elementor-element-5a9c9b6 elementor-widget elementor-widget-trekon_core_highlight\" data-id=\"5a9c9b6\" data-element_type=\"widget\" data-e-type=\"widget\" data-widget_type=\"trekon_core_highlight.default\">\n\t\t\t\t<div class=\"elementor-widget-container\">\n\t\t\t\t\t<h4 class=\"qodef-shortcode qodef-m qodef-highlight\" >\n\t\t\t\"Fun you train, memories <span class=\"qodef-highlight-text\">that stay.\"\t<\/h4>\n\t\t\t\t<\/div>\n\t\t\t\t<\/div>\n\t\t\t\t\t<\/div>\n\t\t\t\t<\/div>\n\t\t<div class=\"elementor-element elementor-element-77b2d00 e-flex e-con-boxed e-con e-parent\" data-id=\"77b2d00\" data-element_type=\"container\" data-e-type=\"container\">\n\t\t\t\t\t<div class=\"e-con-inner\">\n\t\t<div class=\"elementor-element elementor-element-23767ae e-con-full e-flex e-con e-child\" data-id=\"23767ae\" data-element_type=\"container\" data-e-type=\"container\">\n\t\t\t\t<div class=\"elementor-element elementor-element-d2c0c9a elementor-widget elementor-widget-image\" data-id=\"d2c0c9a\" data-element_type=\"widget\" data-e-type=\"widget\" data-widget_type=\"image.default\">\n\t\t\t\t\t\t\t\t\t\t\t\t\t\t\t\t<a href=\"https:\/\/www.mediterraneansportshub.com\/es\/\" target=\"_blank\">\n\t\t\t\t\t\t\t<img decoding=\"async\" src=\"https:\/\/noasporting.com\/wp-content\/uploads\/2025\/08\/mediterranean-instalaciones.png\" title=\"mediterranean-instalaciones\" alt=\"mediterranean-instalaciones\" loading=\"lazy\" \/>\t\t\t\t\t\t\t\t<\/a>\n\t\t\t\t\t\t\t\t\t\t\t\t\t\t\t<\/div>\n\t\t\t\t<\/div>\n\t\t<div class=\"elementor-element elementor-element-fb8b3f5 e-con-full e-flex e-con e-child\" data-id=\"fb8b3f5\" data-element_type=\"container\" data-e-type=\"container\">\n\t\t\t\t<div class=\"elementor-element elementor-element-6c5f727 elementor-widget elementor-widget-image\" data-id=\"6c5f727\" data-element_type=\"widget\" data-e-type=\"widget\" data-widget_type=\"image.default\">\n\t\t\t\t\t\t\t\t\t\t\t\t\t\t\t\t<a href=\"https:\/\/nasticsportsacademy.com\/soccer\/\" target=\"_blank\">\n\t\t\t\t\t\t\t<img decoding=\"async\" src=\"https:\/\/noasporting.com\/wp-content\/uploads\/2025\/08\/nastic-programa.png\" title=\"nastic-programa\" alt=\"nastic-programa\" loading=\"lazy\" \/>\t\t\t\t\t\t\t\t<\/a>\n\t\t\t\t\t\t\t\t\t\t\t\t\t\t\t<\/div>\n\t\t\t\t<\/div>\n\t\t\t\t\t<\/div>\n\t\t\t\t<\/div>\n\t\t<div class=\"elementor-element elementor-element-fcb066f e-flex e-con-boxed e-con e-parent\" data-id=\"fcb066f\" data-element_type=\"container\" data-e-type=\"container\">\n\t\t\t\t\t<div class=\"e-con-inner\">\n\t\t\t\t<div class=\"elementor-element elementor-element-ee74cff elementor-widget elementor-widget-qi_addons_for_elementor_animated_text\" data-id=\"ee74cff\" data-element_type=\"widget\" data-e-type=\"widget\" data-widget_type=\"qi_addons_for_elementor_animated_text.default\">\n\t\t\t\t<div class=\"elementor-widget-container\">\n\t\t\t\t\t<style>.elementor-element-ee74cff{display:none !important}<\/style>\t\t\t\t<\/div>\n\t\t\t\t<\/div>\n\t\t\t\t<div class=\"elementor-element elementor-element-bf6025e elementor-widget elementor-widget-qi_addons_for_elementor_animated_text\" data-id=\"bf6025e\" data-element_type=\"widget\" data-e-type=\"widget\" data-widget_type=\"qi_addons_for_elementor_animated_text.default\">\n\t\t\t\t<div class=\"elementor-widget-container\">\n\t\t\t\t\t<div class=\"qodef-shortcode qodef-m qodef-qi-animated-text qodef--animated-by-letter qodef--alignment-left qodef-qi--has-appear qodef--appear-from-bottom\" >\n\t\t<h3 class=\"qodef-m-title\">\n\t\t<span class=\"qodef-e-word-holder\">We<\/span> <span class=\"qodef-e-word-holder\">help<\/span> <span class=\"qodef-e-word-holder\">you<\/span> <span class=\"qodef-e-word-holder\">find<\/span> <span class=\"qodef-e-word-holder\">the<\/span> <span class=\"qodef-e-word-holder\">best<\/span> <span class=\"qodef-e-word-holder\">facilities<\/span>\t<\/h3>\n<\/div>\n\t\t\t\t<\/div>\n\t\t\t\t<\/div>\n\t\t\t\t<div class=\"elementor-element elementor-element-4ef0457 elementor-widget elementor-widget-qi_addons_for_elementor_contact_form_7\" data-id=\"4ef0457\" data-element_type=\"widget\" data-e-type=\"widget\" data-widget_type=\"qi_addons_for_elementor_contact_form_7.default\">\n\t\t\t\t<div class=\"elementor-widget-container\">\n\t\t\t\t\t<div class=\"qodef-shortcode qodef-m qodef-qi-contact-form-7\">\n\t\n<div class=\"wpcf7 no-js\" id=\"wpcf7-f10367-o1\" lang=\"es-ES\" dir=\"ltr\" data-wpcf7-id=\"10367\">\n<div class=\"screen-reader-response\"><p role=\"status\" aria-live=\"polite\" aria-atomic=\"true\"><\/p> <ul><\/ul><\/div>\n<form action=\"\/en\/wp-json\/wp\/v2\/pages\/9560#wpcf7-f10367-o1\" method=\"post\" class=\"wpcf7-form init\" aria-label=\"Formulario de contacto\" novalidate=\"novalidate\" data-status=\"init\" data-trp-original-action=\"\/en\/wp-json\/wp\/v2\/pages\/9560#wpcf7-f10367-o1\">\n<fieldset class=\"hidden-fields-container\"><input type=\"hidden\" name=\"_wpcf7\" value=\"10367\" \/><input type=\"hidden\" name=\"_wpcf7_version\" value=\"6.1\" \/><input type=\"hidden\" name=\"_wpcf7_locale\" value=\"es_ES\" \/><input type=\"hidden\" name=\"_wpcf7_unit_tag\" value=\"wpcf7-f10367-o1\" \/><input type=\"hidden\" name=\"_wpcf7_container_post\" value=\"0\" \/><input type=\"hidden\" name=\"_wpcf7_posted_data_hash\" value=\"\" \/><input type=\"hidden\" name=\"_wpcf7_recaptcha_response\" value=\"\" \/>\n<\/fieldset>\n<div class=\"clase-form\">\n  <p>\n    <label>Nombre y Apellidos<br \/>\n      <span class=\"wpcf7-form-control-wrap\" data-name=\"first-name\"><input size=\"40\" maxlength=\"400\" class=\"wpcf7-form-control wpcf7-text wpcf7-validates-as-required\" aria-required=\"true\" aria-invalid=\"false\" placeholder=\"Nombre y Apellidos\" value=\"\" type=\"text\" name=\"first-name\" \/><\/span>\n    <\/label>\n  <\/p>\n\n  <p>\n    <label>Email*<br \/>\n      <span class=\"wpcf7-form-control-wrap\" data-name=\"your-email\"><input size=\"40\" maxlength=\"400\" class=\"wpcf7-form-control wpcf7-email wpcf7-validates-as-required wpcf7-text wpcf7-validates-as-email\" aria-required=\"true\" aria-invalid=\"false\" placeholder=\"Email\" value=\"\" type=\"email\" name=\"your-email\" \/><\/span>\n    <\/label>\n  <\/p>\n  <p>\n    <label>Sport*<br \/>\n      <span class=\"wpcf7-form-control-wrap\" data-name=\"sport\"><select class=\"wpcf7-form-control wpcf7-select wpcf7-validates-as-required\" aria-required=\"true\" aria-invalid=\"false\" name=\"sport\"><option value=\"F\u00fatbol\">Football<\/option><option value=\"Baloncesto\">Basketball<\/option><option value=\"P\u00e1del\">Padel<\/option><option value=\"Tenis\">Tennis<\/option><option value=\"Vela\">Sailing<\/option><\/select><\/span>\n    <\/label>\n  <\/p>\n  <p>\n    <label>Nivel Acad\u00e9mico Actual*<br \/>\n      <span class=\"wpcf7-form-control-wrap\" data-name=\"nivel\"><select class=\"wpcf7-form-control wpcf7-select wpcf7-validates-as-required\" aria-required=\"true\" aria-invalid=\"false\" name=\"nivel\"><option value=\"Secundaria\">Secundaria<\/option><option value=\"Bachillerato\">Bachillerato<\/option><\/select><\/span>\n    <\/label>\n  <\/p>\n\n\n  <p>\n    <label>Objetivo<br \/>\n      <span class=\"wpcf7-form-control-wrap\" data-name=\"objetivo\"><select class=\"wpcf7-form-control wpcf7-select wpcf7-validates-as-required\" aria-required=\"true\" aria-invalid=\"false\" name=\"objetivo\"><option value=\"Profesionalismo\">Profesionalismo<\/option><option value=\"Universidad\">Universidad<\/option><\/select><\/span>\n    <\/label>\n  <\/p>\n\n  <p>\n    <label>Message*<br \/>\n      <span class=\"wpcf7-form-control-wrap\" data-name=\"message\"><textarea cols=\"40\" rows=\"10\" maxlength=\"2000\" class=\"wpcf7-form-control wpcf7-textarea wpcf7-validates-as-required\" aria-required=\"true\" aria-invalid=\"false\" placeholder=\"Espacio para dudas o comentarios...\" name=\"message\"><\/textarea><\/span>\n    <\/label>\n  <\/p>\n\n  <p>\n    <button class=\"wpcf7-form-control wpcf7-submit qodef-button qodef-size--normal qodef-layout--filled qodef-m\" type=\"submit\"><span class=\"qodef-button-overlay\"><\/span><span class=\"qodef-m-text\">Send<\/span><\/button>\n  <\/p>\n<\/div><p style=\"display: none !important;\" class=\"akismet-fields-container\" data-prefix=\"_wpcf7_ak_\"><label>&#916;<textarea name=\"_wpcf7_ak_hp_textarea\" cols=\"45\" rows=\"8\" maxlength=\"100\"><\/textarea><\/label><input type=\"hidden\" id=\"ak_js_1\" name=\"_wpcf7_ak_js\" value=\"220\"\/><script>document.getElementById( \"ak_js_1\" ).setAttribute( \"value\", ( new Date() ).getTime() );<\/script><\/p><div class=\"wpcf7-response-output\" aria-hidden=\"true\"><\/div>\n<input type=\"hidden\" name=\"trp-form-language\" value=\"en\"\/><\/form>\n<\/div>\n<\/div>\n\t\t\t\t<\/div>\n\t\t\t\t<\/div>\n\t\t\t\t\t<\/div>\n\t\t\t\t<\/div>\n\t\t\t\t<\/div>","protected":false},"excerpt":{"rendered":"<p>SUMMER CAMP Nuestros campus de f\u00fatbol est\u00e1n dise\u00f1ados para j\u00f3venes jugadores que quieren mejorar su t\u00e9cnica, t\u00e1ctica y condici\u00f3n f\u00edsica en un entorno divertido y formativo. Combinamos entrenamientos intensivos con actividades l\u00fadicas, charlas motivacionales y convivencia con otros chicos y chicas apasionados por el f\u00fatbol. Una experiencia completa, segura y enriquecedora. \u201cDiversi\u00f3n que se entrena, [&hellip;]<\/p>","protected":false},"author":1,"featured_media":8425,"parent":0,"menu_order":0,"comment_status":"closed","ping_status":"closed","template":"page-full-width.php","meta":{"footnotes":""},"class_list":["post-9560","page","type-page","status-publish","has-post-thumbnail","hentry"],"_links":{"self":[{"href":"https:\/\/noasporting.com\/en\/wp-json\/wp\/v2\/pages\/9560","targetHints":{"allow":["GET"]}}],"collection":[{"href":"https:\/\/noasporting.com\/en\/wp-json\/wp\/v2\/pages"}],"about":[{"href":"https:\/\/noasporting.com\/en\/wp-json\/wp\/v2\/types\/page"}],"author":[{"embeddable":true,"href":"https:\/\/noasporting.com\/en\/wp-json\/wp\/v2\/users\/1"}],"replies":[{"embeddable":true,"href":"https:\/\/noasporting.com\/en\/wp-json\/wp\/v2\/comments?post=9560"}],"version-history":[{"count":22,"href":"https:\/\/noasporting.com\/en\/wp-json\/wp\/v2\/pages\/9560\/revisions"}],"predecessor-version":[{"id":10089,"href":"https:\/\/noasporting.com\/en\/wp-json\/wp\/v2\/pages\/9560\/revisions\/10089"}],"wp:featuredmedia":[{"embeddable":true,"href":"https:\/\/noasporting.com\/en\/wp-json\/wp\/v2\/media\/8425"}],"wp:attachment":[{"href":"https:\/\/noasporting.com\/en\/wp-json\/wp\/v2\/media?parent=9560"}],"curies":[{"name":"wp","href":"https:\/\/api.w.org\/{rel}","templated":true}]}}