{"id":9395,"date":"2025-08-29T10:36:16","date_gmt":"2025-08-29T10:36:16","guid":{"rendered":"https:\/\/noasporting.com\/?page_id=9395"},"modified":"2025-09-09T10:39:08","modified_gmt":"2025-09-09T10:39:08","slug":"programas-baloncesto","status":"publish","type":"page","link":"https:\/\/noasporting.com\/en\/programas-baloncesto\/","title":{"rendered":"Programas baloncesto"},"content":{"rendered":"<div data-elementor-type=\"wp-page\" data-elementor-id=\"9395\" class=\"elementor elementor-9395\">\n\t\t\t\t<div class=\"elementor-element elementor-element-0896ff5 e-flex e-con-boxed e-con e-parent\" data-id=\"0896ff5\" data-element_type=\"container\" data-e-type=\"container\" data-settings=\"{&quot;background_background&quot;:&quot;classic&quot;}\">\n\t\t\t\t\t<div class=\"e-con-inner\">\n\t\t\t\t<div class=\"elementor-element elementor-element-127c0e1 elementor-widget elementor-widget-image\" data-id=\"127c0e1\" data-element_type=\"widget\" data-e-type=\"widget\" data-widget_type=\"image.default\">\n\t\t\t\t\t\t\t\t\t\t\t\t\t\t\t<img decoding=\"async\" src=\"https:\/\/noasporting.com\/wp-content\/uploads\/2025\/08\/academic-accomplishment.png\" title=\"academic-accomplishment\" alt=\"academic-accomplishment\" loading=\"lazy\" \/>\t\t\t\t\t\t\t\t\t\t\t\t\t\t\t<\/div>\n\t\t\t\t<div class=\"elementor-element elementor-element-c313baa elementor-widget elementor-widget-qi_addons_for_elementor_animated_text\" data-id=\"c313baa\" data-element_type=\"widget\" data-e-type=\"widget\" data-widget_type=\"qi_addons_for_elementor_animated_text.default\">\n\t\t\t\t<div class=\"elementor-widget-container\">\n\t\t\t\t\t<style>.elementor-element-c313baa{display:none !important}<\/style>\t\t\t\t<\/div>\n\t\t\t\t<\/div>\n\t\t\t\t<div class=\"elementor-element elementor-element-c43bb18 elementor-widget elementor-widget-qi_addons_for_elementor_animated_text\" data-id=\"c43bb18\" data-element_type=\"widget\" data-e-type=\"widget\" data-widget_type=\"qi_addons_for_elementor_animated_text.default\">\n\t\t\t\t<div class=\"elementor-widget-container\">\n\t\t\t\t\t<div class=\"qodef-shortcode qodef-m qodef-qi-animated-text qodef--animated-by-letter qodef--alignment-center qodef-qi--has-appear qodef--appear-from-bottom\" >\n\t\t<h1 class=\"qodef-m-title\">\n\t\t<span class=\"qodef-e-word-holder\">ACADEMIC<\/span> <span class=\"qodef-e-word-holder\">PROGRAMS<\/span>\t<\/h1>\n<\/div>\n\t\t\t\t<\/div>\n\t\t\t\t<\/div>\n\t\t\t\t<div class=\"elementor-element elementor-element-45fb8e1 elementor-widget elementor-widget-text-editor\" data-id=\"45fb8e1\" data-element_type=\"widget\" data-e-type=\"widget\" data-widget_type=\"text-editor.default\">\n\t\t\t\t\t\t\t\t\tPrograms designed for young players who want to develop in basketball without neglecting their international academic education. We offer flexible schedules, personalized monitoring, and an environment that promotes both athletic performance and academic success. Ideal for talents seeking balance.\n\t\t\t\t\t\t\t\t<\/div>\n\t\t\t\t<div class=\"elementor-element elementor-element-8cabde3 elementor-widget elementor-widget-trekon_core_highlight\" data-id=\"8cabde3\" data-element_type=\"widget\" data-e-type=\"widget\" data-widget_type=\"trekon_core_highlight.default\">\n\t\t\t\t<div class=\"elementor-widget-container\">\n\t\t\t\t\t<style>.elementor-element-8cabde3{display:none !important}<\/style>\t\t\t\t<\/div>\n\t\t\t\t<\/div>\n\t\t\t\t<div class=\"elementor-element elementor-element-2a4469d elementor-widget elementor-widget-trekon_core_highlight\" data-id=\"2a4469d\" data-element_type=\"widget\" data-e-type=\"widget\" data-widget_type=\"trekon_core_highlight.default\">\n\t\t\t\t<div class=\"elementor-widget-container\">\n\t\t\t\t\t<h4 class=\"qodef-shortcode qodef-m qodef-highlight\" >\n\t\t\t\"Prepared to compete and <span class=\"qodef-highlight-text\">to build their future.\"<\/span>\t<\/h4>\n\t\t\t\t<\/div>\n\t\t\t\t<\/div>\n\t\t\t\t\t<\/div>\n\t\t\t\t<\/div>\n\t\t<div class=\"elementor-element elementor-element-7e6aab0 e-flex e-con-boxed e-con e-parent\" data-id=\"7e6aab0\" data-element_type=\"container\" data-e-type=\"container\">\n\t\t\t\t\t<div class=\"e-con-inner\">\n\t\t<div class=\"elementor-element elementor-element-3b6ef64 e-con-full e-flex e-con e-child\" data-id=\"3b6ef64\" data-element_type=\"container\" data-e-type=\"container\">\n\t\t\t\t<div class=\"elementor-element elementor-element-5d84243 elementor-widget elementor-widget-image\" data-id=\"5d84243\" data-element_type=\"widget\" data-e-type=\"widget\" data-widget_type=\"image.default\">\n\t\t\t\t\t\t\t\t\t\t\t\t\t\t\t\t<a href=\"https:\/\/nasticsportsacademy.com\/basketball-eng\/\" target=\"_blank\">\n\t\t\t\t\t\t\t<img decoding=\"async\" src=\"https:\/\/noasporting.com\/wp-content\/uploads\/2025\/08\/baloncesto-nastic.jpg\" title=\"baloncesto-nastic\" alt=\"baloncesto-nastic\" loading=\"lazy\" \/>\t\t\t\t\t\t\t\t<\/a>\n\t\t\t\t\t\t\t\t\t\t\t\t\t\t\t<\/div>\n\t\t\t\t<\/div>\n\t\t<div class=\"elementor-element elementor-element-ea14071 e-con-full e-flex e-con e-child\" data-id=\"ea14071\" data-element_type=\"container\" data-e-type=\"container\">\n\t\t\t\t<div class=\"elementor-element elementor-element-1c68f35 elementor-widget elementor-widget-image\" data-id=\"1c68f35\" data-element_type=\"widget\" data-e-type=\"widget\" data-widget_type=\"image.default\">\n\t\t\t\t\t\t\t\t\t\t\t\t\t\t\t\t<a href=\"https:\/\/barcelona.agorainternationalschool.es\/\" target=\"_blank\">\n\t\t\t\t\t\t\t<img decoding=\"async\" src=\"https:\/\/noasporting.com\/wp-content\/uploads\/2025\/09\/agora-baloncesto.png\" title=\"agora-baloncesto\" alt=\"agora-baloncesto\" loading=\"lazy\" \/>\t\t\t\t\t\t\t\t<\/a>\n\t\t\t\t\t\t\t\t\t\t\t\t\t\t\t<\/div>\n\t\t\t\t<\/div>\n\t\t\t\t\t<\/div>\n\t\t\t\t<\/div>\n\t\t<div class=\"elementor-element elementor-element-fcb066f e-flex e-con-boxed e-con e-parent\" data-id=\"fcb066f\" data-element_type=\"container\" data-e-type=\"container\">\n\t\t\t\t\t<div class=\"e-con-inner\">\n\t\t\t\t<div class=\"elementor-element elementor-element-3052c1b elementor-widget elementor-widget-qi_addons_for_elementor_animated_text\" data-id=\"3052c1b\" data-element_type=\"widget\" data-e-type=\"widget\" data-widget_type=\"qi_addons_for_elementor_animated_text.default\">\n\t\t\t\t<div class=\"elementor-widget-container\">\n\t\t\t\t\t<style>.elementor-element-3052c1b{display:none !important}<\/style>\t\t\t\t<\/div>\n\t\t\t\t<\/div>\n\t\t\t\t<div class=\"elementor-element elementor-element-1e04f3d elementor-widget elementor-widget-qi_addons_for_elementor_animated_text\" data-id=\"1e04f3d\" data-element_type=\"widget\" data-e-type=\"widget\" data-widget_type=\"qi_addons_for_elementor_animated_text.default\">\n\t\t\t\t<div class=\"elementor-widget-container\">\n\t\t\t\t\t<div class=\"qodef-shortcode qodef-m qodef-qi-animated-text qodef--animated-by-letter qodef--alignment-left qodef-qi--has-appear qodef--appear-from-bottom\" >\n\t\t<h3 class=\"qodef-m-title\">\n\t\t<span class=\"qodef-e-word-holder\">We<\/span> <span class=\"qodef-e-word-holder\">help<\/span> <span class=\"qodef-e-word-holder\">you<\/span> <span class=\"qodef-e-word-holder\">find<\/span> <span class=\"qodef-e-word-holder\">your<\/span> <span class=\"qodef-e-word-holder\">program<\/span>\t<\/h3>\n<\/div>\n\t\t\t\t<\/div>\n\t\t\t\t<\/div>\n\t\t\t\t<div class=\"elementor-element elementor-element-4ef0457 elementor-widget elementor-widget-qi_addons_for_elementor_contact_form_7\" data-id=\"4ef0457\" data-element_type=\"widget\" data-e-type=\"widget\" data-widget_type=\"qi_addons_for_elementor_contact_form_7.default\">\n\t\t\t\t<div class=\"elementor-widget-container\">\n\t\t\t\t\t<div class=\"qodef-shortcode qodef-m qodef-qi-contact-form-7\">\n\t\n<div class=\"wpcf7 no-js\" id=\"wpcf7-f10367-o1\" lang=\"es-ES\" dir=\"ltr\" data-wpcf7-id=\"10367\">\n<div class=\"screen-reader-response\"><p role=\"status\" aria-live=\"polite\" aria-atomic=\"true\"><\/p> <ul><\/ul><\/div>\n<form action=\"\/en\/wp-json\/wp\/v2\/pages\/9395#wpcf7-f10367-o1\" method=\"post\" class=\"wpcf7-form init\" aria-label=\"Formulario de contacto\" novalidate=\"novalidate\" data-status=\"init\" data-trp-original-action=\"\/en\/wp-json\/wp\/v2\/pages\/9395#wpcf7-f10367-o1\">\n<fieldset class=\"hidden-fields-container\"><input type=\"hidden\" name=\"_wpcf7\" value=\"10367\" \/><input type=\"hidden\" name=\"_wpcf7_version\" value=\"6.1\" \/><input type=\"hidden\" name=\"_wpcf7_locale\" value=\"es_ES\" \/><input type=\"hidden\" name=\"_wpcf7_unit_tag\" value=\"wpcf7-f10367-o1\" \/><input type=\"hidden\" name=\"_wpcf7_container_post\" value=\"0\" \/><input type=\"hidden\" name=\"_wpcf7_posted_data_hash\" value=\"\" \/><input type=\"hidden\" name=\"_wpcf7_recaptcha_response\" value=\"\" \/>\n<\/fieldset>\n<div class=\"clase-form\">\n  <p>\n    <label>Nombre y Apellidos<br \/>\n      <span class=\"wpcf7-form-control-wrap\" data-name=\"first-name\"><input size=\"40\" maxlength=\"400\" class=\"wpcf7-form-control wpcf7-text wpcf7-validates-as-required\" aria-required=\"true\" aria-invalid=\"false\" placeholder=\"Nombre y Apellidos\" value=\"\" type=\"text\" name=\"first-name\" \/><\/span>\n    <\/label>\n  <\/p>\n\n  <p>\n    <label>Email*<br \/>\n      <span class=\"wpcf7-form-control-wrap\" data-name=\"your-email\"><input size=\"40\" maxlength=\"400\" class=\"wpcf7-form-control wpcf7-email wpcf7-validates-as-required wpcf7-text wpcf7-validates-as-email\" aria-required=\"true\" aria-invalid=\"false\" placeholder=\"Email\" value=\"\" type=\"email\" name=\"your-email\" \/><\/span>\n    <\/label>\n  <\/p>\n  <p>\n    <label>Sport*<br \/>\n      <span class=\"wpcf7-form-control-wrap\" data-name=\"sport\"><select class=\"wpcf7-form-control wpcf7-select wpcf7-validates-as-required\" aria-required=\"true\" aria-invalid=\"false\" name=\"sport\"><option value=\"F\u00fatbol\">Football<\/option><option value=\"Baloncesto\">Basketball<\/option><option value=\"P\u00e1del\">Padel<\/option><option value=\"Tenis\">Tennis<\/option><option value=\"Vela\">Sailing<\/option><\/select><\/span>\n    <\/label>\n  <\/p>\n  <p>\n    <label>Nivel Acad\u00e9mico Actual*<br \/>\n      <span class=\"wpcf7-form-control-wrap\" data-name=\"nivel\"><select class=\"wpcf7-form-control wpcf7-select wpcf7-validates-as-required\" aria-required=\"true\" aria-invalid=\"false\" name=\"nivel\"><option value=\"Secundaria\">Secundaria<\/option><option value=\"Bachillerato\">Bachillerato<\/option><\/select><\/span>\n    <\/label>\n  <\/p>\n\n\n  <p>\n    <label>Objetivo<br \/>\n      <span class=\"wpcf7-form-control-wrap\" data-name=\"objetivo\"><select class=\"wpcf7-form-control wpcf7-select wpcf7-validates-as-required\" aria-required=\"true\" aria-invalid=\"false\" name=\"objetivo\"><option value=\"Profesionalismo\">Profesionalismo<\/option><option value=\"Universidad\">Universidad<\/option><\/select><\/span>\n    <\/label>\n  <\/p>\n\n  <p>\n    <label>Message*<br \/>\n      <span class=\"wpcf7-form-control-wrap\" data-name=\"message\"><textarea cols=\"40\" rows=\"10\" maxlength=\"2000\" class=\"wpcf7-form-control wpcf7-textarea wpcf7-validates-as-required\" aria-required=\"true\" aria-invalid=\"false\" placeholder=\"Espacio para dudas o comentarios...\" name=\"message\"><\/textarea><\/span>\n    <\/label>\n  <\/p>\n\n  <p>\n    <button class=\"wpcf7-form-control wpcf7-submit qodef-button qodef-size--normal qodef-layout--filled qodef-m\" type=\"submit\"><span class=\"qodef-button-overlay\"><\/span><span class=\"qodef-m-text\">Send<\/span><\/button>\n  <\/p>\n<\/div><p style=\"display: none !important;\" class=\"akismet-fields-container\" data-prefix=\"_wpcf7_ak_\"><label>&#916;<textarea name=\"_wpcf7_ak_hp_textarea\" cols=\"45\" rows=\"8\" maxlength=\"100\"><\/textarea><\/label><input type=\"hidden\" id=\"ak_js_1\" name=\"_wpcf7_ak_js\" value=\"27\"\/><script>document.getElementById( \"ak_js_1\" ).setAttribute( \"value\", ( new Date() ).getTime() );<\/script><\/p><div class=\"wpcf7-response-output\" aria-hidden=\"true\"><\/div>\n<input type=\"hidden\" name=\"trp-form-language\" value=\"en\"\/><\/form>\n<\/div>\n<\/div>\n\t\t\t\t<\/div>\n\t\t\t\t<\/div>\n\t\t\t\t\t<\/div>\n\t\t\t\t<\/div>\n\t\t\t\t<\/div>","protected":false},"excerpt":{"rendered":"<p>PROGRAMAS ACAD\u00c9MICOS Programas dise\u00f1ados para j\u00f3venes jugadores que quieren desarrollarse en el baloncesto sin dejar de lado su formaci\u00f3n acad\u00e9mica internacional. Ofrecemos horarios flexibles, seguimiento personalizado y un entorno que favorece tanto el rendimiento deportivo como el \u00e9xito acad\u00e9mico. Ideal para talentos que buscan equilibrio. \u00abPreparados para competir y para construir su futuro.\u00bb Te ayudamos [&hellip;]<\/p>","protected":false},"author":1,"featured_media":8425,"parent":0,"menu_order":0,"comment_status":"closed","ping_status":"closed","template":"page-full-width.php","meta":{"footnotes":""},"class_list":["post-9395","page","type-page","status-publish","has-post-thumbnail","hentry"],"_links":{"self":[{"href":"https:\/\/noasporting.com\/en\/wp-json\/wp\/v2\/pages\/9395","targetHints":{"allow":["GET"]}}],"collection":[{"href":"https:\/\/noasporting.com\/en\/wp-json\/wp\/v2\/pages"}],"about":[{"href":"https:\/\/noasporting.com\/en\/wp-json\/wp\/v2\/types\/page"}],"author":[{"embeddable":true,"href":"https:\/\/noasporting.com\/en\/wp-json\/wp\/v2\/users\/1"}],"replies":[{"embeddable":true,"href":"https:\/\/noasporting.com\/en\/wp-json\/wp\/v2\/comments?post=9395"}],"version-history":[{"count":19,"href":"https:\/\/noasporting.com\/en\/wp-json\/wp\/v2\/pages\/9395\/revisions"}],"predecessor-version":[{"id":9882,"href":"https:\/\/noasporting.com\/en\/wp-json\/wp\/v2\/pages\/9395\/revisions\/9882"}],"wp:featuredmedia":[{"embeddable":true,"href":"https:\/\/noasporting.com\/en\/wp-json\/wp\/v2\/media\/8425"}],"wp:attachment":[{"href":"https:\/\/noasporting.com\/en\/wp-json\/wp\/v2\/media?parent=9395"}],"curies":[{"name":"wp","href":"https:\/\/api.w.org\/{rel}","templated":true}]}}