{"id":3,"date":"2023-03-28T12:39:55","date_gmt":"2023-03-28T12:39:55","guid":{"rendered":"https:\/\/trekon.qodeinteractive.com\/?page_id=3"},"modified":"2025-09-04T08:40:36","modified_gmt":"2025-09-04T08:40:36","slug":"politica-de-privacidad","status":"publish","type":"page","link":"https:\/\/noasporting.com\/en\/politica-de-privacidad\/","title":{"rendered":"Privacy policy"},"content":{"rendered":"<div data-elementor-type=\"wp-page\" data-elementor-id=\"3\" class=\"elementor elementor-3\">\n\t\t\t\t<div class=\"elementor-element elementor-element-730798f e-flex e-con-boxed e-con e-parent\" data-id=\"730798f\" data-element_type=\"container\" data-e-type=\"container\">\n\t\t\t\t\t<div class=\"e-con-inner\">\n\t\t\t\t<div class=\"elementor-element elementor-element-153efb54 elementor-widget elementor-widget-text-editor\" data-id=\"153efb54\" data-element_type=\"widget\" data-e-type=\"widget\" data-widget_type=\"text-editor.default\">\n\t\t\t\t\t\t\t\t\t\n<p>In accordance with the provisions of the General Data Protection Regulation of the European Union (GDPR), we inform you that the personal data provided through the forms, as well as your email address, have been included in a file owned by Avenida Vilafortuny, 63 43850 CAMBRILS (TARRAGONA), NIF B55708093, [noa@noahommikukuma.com](mailto:noa@noahommikukuma.com) for the purpose of responding to your inquiries and sending information related to the products and services offered by NOA.<\/p>\n\n\n\n<p>You are hereby informed that the data may be used to send commercial communications, by any means, relating to other services of our company that may be of interest to you. However, you may object to such communications at any time by sending an email to noa@noahommikukuma.com with the subject \u201cREMOVE FROM DISTRIBUTION LIST\u201d.<\/p>\n\n\n\n<p><br \/>Likewise, you may exercise the rights established in the General Data Protection Regulation of the European Union by submitting or sending a written request addressed to Avenida Vilafortuny, 63 43850 CAMBRILS (TARRAGONA), or via email to noa@noahommikukuma.com, accompanied by a photocopy of your DNI or an equivalent identification document and indicating in the subject \u201cDATA PROTECTION\u201d.<\/p>\n\n\n\n<h3 class=\"wp-block-heading\"><a><\/a>PRIVACY POLICY<\/h3>\n\n\n\n<p>NOA is especially sensitive to the protection of user data for the services accessed through the website. Through this Privacy Policy (Policy), it informs the users of doradocardenas.com about the processing and uses of the personal data collected on the website, so that they may freely and voluntarily decide whether they wish to provide the requested information.<\/p>\n\n\n\n<p>NOA considers it essential to ensure the protection of personal data; therefore, in order to safeguard the privacy of all concerned (data subjects), we present this Privacy Policy, committing ourselves to comply with the legal requirements set forth in the applicable legislation and regulations on the protection of personal data.<\/p>\n\n\n\n<p>Therefore, in compliance with the General Data Protection Regulation, through this document, NOA informs:<\/p>\n\n\n\n<h3 class=\"wp-block-heading\"><a><\/a>1-Ownership of the Files<\/h3>\n\n\n\n<p>NOA HOMMIKUKUMA, S.L. with registered office at Avenida Vilafortuny, 63 43850 CAMBRILS (TARRAGONA).<\/p>\n\n\n\n<h3 class=\"wp-block-heading\"><a><\/a>2-Collection and Processing<\/h3>\n\n\n\n<p>The file has the following main characteristic:<\/p>\n\n\n\n<h4 class=\"wp-block-heading\"><a><\/a>2.1-Purpose<\/h4>\n\n\n\n<p>The purpose of collecting and incorporating the data into the file consists of:<\/p>\n\n\n\n<ol class=\"wp-block-list\">\n<li>Providing the information requested by the data subjects in the form or questionnaire on the website.<\/li>\n\n\n\n<li>Answering the questions asked.<\/li>\n\n\n\n<li>And sending them information about our products or services from the portal owned by NOA.<\/li>\n<\/ol>\n\n\n\n<h4 class=\"wp-block-heading\"><a><\/a>2.2-Data Processor<\/h4>\n\n\n\n<p>In the event that third parties access this file and there is an obligation to sign a contract with them, such contract will be executed under the terms set out in the General Data Protection Regulation of the European Union, which will contractually regulate the use and confidentiality of personal data, in accordance with the provisions of current legislation.<\/p>\n\n\n\n<h4 class=\"wp-block-heading\"><a><\/a>2.3-Consent<\/h4>\n\n\n\n<p>By completing the various forms contained on the aforementioned website, the data subject gives their consent for the personal data provided to be incorporated into the said file and processed in accordance with this Privacy Policy. Likewise, they consent to NOA sending periodic information and updates about our offers and services.<\/p>\n\n\n\n<p>However, you may object to such communications at any time by sending an email to noa@noahommikukuma.com with the subject \u201cREMOVE FROM DISTRIBUTION LIST\u201d.<\/p>\n\n\n\n<h3 class=\"wp-block-heading\"><a><\/a>3-Security Measures<\/h3>\n\n\n\n<p>NOA has adopted the legally required security levels for the protection of personal data and has implemented all available technical measures and resources to prevent their loss, misuse, alteration, unauthorized access, and theft.<\/p>\n\n\n\n<h3 class=\"wp-block-heading\"><a><\/a>4- Rights of Access, Rectification, Objection, Erasure, Restriction of Processing, Data Portability, and Not to Be Subject to Automated Individual Decisions<\/h3>\n\n\n\n<p>The data subjects whose information is contained in the file, as well as those whose data is included in any of the files owned by NOA, may contact the entity, as the data controller, in order to exercise their rights regarding the data included in the processing. These rights are of a \u201c<em>strictly personal nature<\/em>\u201d, and therefore may only be exercised by the data subject themselves, or their legal representative, upon proof of identity or, where applicable, proof of sufficient representation.<\/p>\n\n\n\n<p>A.- The right of access, to be exercised annually, except in cases of proven legitimate interest. When exercising the right of access, the data subject may choose from the following systems for consulting the file:<\/p>\n\n\n\n<ul class=\"wp-block-list\">\n<li>Send an email to: <a href=\"mailto:noa@noahommikukuma.com\">noa@noahommikukuma.com<\/a>.<\/li>\n\n\n\n<li>Written communication addressed to: NOA HOMMIKUKUMA, S.L., Avenida Vilafortuny, 63 43850 CAMBRILS (TARRAGONA).<\/li>\n<\/ul>\n\n\n\n<p>NOA will notify its decision within one month. If the decision is affirmative, the data subject may access the requested information within 10 days following the notification.<\/p>\n\n\n\n<p>B.- The rights of rectification and erasure may be exercised under the following provisions, whenever the data subject considers that the data collected in our files are <em>inaccurate, incomplete, inadequate, or excessive<\/em>. In this case, they may exercise these rights through any of the means previously mentioned.<\/p>\n\n\n\n<p>NOA will proceed with the rectification or erasure within 10 days following receipt of the request.<\/p>\n\n\n\n<h3 class=\"wp-block-heading\"><a><\/a>5- Change of Regulations<\/h3>\n\n\n\n<p>NOA reserves the right to modify this policy in order to adapt it to legislative or judicial developments, as well as to those that may arise from existing \u201ccodes of practice\u201d in the field. Such changes will be communicated in advance on our website, without prejudice to requesting the necessary consent from the data subjects when it is not deemed to have been granted in accordance with the terms of this policy.<\/p>\n\n\n\n<p>Any doubts, questions, or comments you may have regarding this policy should be addressed by directing your communication on this matter to: <a href=\"mailto:noa@noahommikukuma.com\">noa@noahommikukuma.com<\/a>.<\/p>\n\t\t\t\t\t\t\t\t<\/div>\n\t\t\t\t\t<\/div>\n\t\t\t\t<\/div>\n\t\t\t\t<\/div>","protected":false},"excerpt":{"rendered":"<p>De conformidad a lo establecido por el Reglamento General de Protecci\u00f3n de Datos de la Uni\u00f3n Europea (RGPD), le informamos que los datos personales facilitados a trav\u00e9s de los formularios, as\u00ed como su direcci\u00f3n de correo electr\u00f3nico, han sido incluidos en un fichero titularidad de Avenida Vilafortuny, 63 43850 CAMBRILS (TARRAGONA), NIF B55708093, noa@noahommikukuma.com con [&hellip;]<\/p>","protected":false},"author":1,"featured_media":0,"parent":0,"menu_order":0,"comment_status":"closed","ping_status":"closed","template":"","meta":{"footnotes":""},"class_list":["post-3","page","type-page","status-publish","hentry"],"_links":{"self":[{"href":"https:\/\/noasporting.com\/en\/wp-json\/wp\/v2\/pages\/3","targetHints":{"allow":["GET"]}}],"collection":[{"href":"https:\/\/noasporting.com\/en\/wp-json\/wp\/v2\/pages"}],"about":[{"href":"https:\/\/noasporting.com\/en\/wp-json\/wp\/v2\/types\/page"}],"author":[{"embeddable":true,"href":"https:\/\/noasporting.com\/en\/wp-json\/wp\/v2\/users\/1"}],"replies":[{"embeddable":true,"href":"https:\/\/noasporting.com\/en\/wp-json\/wp\/v2\/comments?post=3"}],"version-history":[{"count":5,"href":"https:\/\/noasporting.com\/en\/wp-json\/wp\/v2\/pages\/3\/revisions"}],"predecessor-version":[{"id":9626,"href":"https:\/\/noasporting.com\/en\/wp-json\/wp\/v2\/pages\/3\/revisions\/9626"}],"wp:attachment":[{"href":"https:\/\/noasporting.com\/en\/wp-json\/wp\/v2\/media?parent=3"}],"curies":[{"name":"wp","href":"https:\/\/api.w.org\/{rel}","templated":true}]}}